{"id":1581,"date":"2024-11-07T10:51:11","date_gmt":"2024-11-07T10:51:11","guid":{"rendered":"https:\/\/dev07.machineelves.co.uk\/?page_id=1581"},"modified":"2024-11-08T10:32:30","modified_gmt":"2024-11-08T10:32:30","slug":"permitting-and-licencing-services","status":"publish","type":"page","link":"https:\/\/www.aguaenodo.com\/es\/permitting-and-licencing-services\/","title":{"rendered":"Servicios de permisos y licencias"},"content":{"rendered":"<p><div class=\"fusion-fullwidth fullwidth-box fusion-builder-row-1 fusion-flex-container has-pattern-background has-mask-background nonhundred-percent-fullwidth non-hundred-percent-height-scrolling\" style=\"--awb-border-radius-top-left:0px;--awb-border-radius-top-right:0px;--awb-border-radius-bottom-right:0px;--awb-border-radius-bottom-left:0px;--awb-padding-top:48px;--awb-padding-bottom:48px;--awb-padding-top-medium:20px;--awb-padding-bottom-medium:20px;--awb-padding-top-small:36px;--awb-padding-bottom-small:36px;--awb-min-height:30vh;--awb-background-image:linear-gradient(180deg, #7a87dd 0%,#4493dd 90%);--awb-flex-wrap:wrap;\" ><div class=\"fusion-builder-row fusion-row fusion-flex-align-items-stretch fusion-flex-content-wrap\" style=\"max-width:1216.8px;margin-left: calc(-4% \/ 2 );margin-right: calc(-4% \/ 2 );\"><div class=\"fusion-layout-column fusion_builder_column fusion-builder-column-0 fusion_builder_column_1_1 1_1 fusion-flex-column\" style=\"--awb-bg-size:cover;--awb-width-large:100%;--awb-margin-top-large:0px;--awb-spacing-right-large:1.92%;--awb-margin-bottom-large:0px;--awb-spacing-left-large:1.92%;--awb-width-medium:40%;--awb-order-medium:0;--awb-spacing-right-medium:4.8%;--awb-spacing-left-medium:4.8%;--awb-width-small:100%;--awb-order-small:0;--awb-spacing-right-small:1.92%;--awb-margin-bottom-small:32px;--awb-spacing-left-small:1.92%;\"><div class=\"fusion-column-wrapper fusion-column-has-shadow fusion-flex-justify-content-center fusion-content-layout-column\"><div class=\"fusion-title title fusion-title-1 fusion-sep-none fusion-title-text fusion-title-size-one\" style=\"--awb-text-color:var(--awb-color2);--awb-margin-bottom:20px;\"><h1 class=\"fusion-title-heading title-heading-left fusion-responsive-typography-calculated\" style=\"margin:0;letter-spacing:-0.03em;--fontSize:58;line-height:1.03;\">Servicios de permisos y licencias<\/h1><\/div><\/div><\/div><\/div><\/div><div class=\"fusion-fullwidth fullwidth-box fusion-builder-row-2 fusion-flex-container has-pattern-background has-mask-background fusion-parallax-none nonhundred-percent-fullwidth non-hundred-percent-height-scrolling lazyload\" style=\"--awb-border-radius-top-left:0px;--awb-border-radius-top-right:0px;--awb-border-radius-bottom-right:0px;--awb-border-radius-bottom-left:0px;--awb-padding-top:5%;--awb-padding-bottom:5%;--awb-background-size:cover;--awb-flex-wrap:wrap;\" data-bg=\"https:\/\/www.aguaenodo.com\/wp-content\/uploads\/2024\/11\/bg_section1.jpg\" ><div class=\"fusion-builder-row fusion-row fusion-flex-align-items-flex-start fusion-flex-content-wrap\" style=\"max-width:1216.8px;margin-left: calc(-4% \/ 2 );margin-right: calc(-4% \/ 2 );\"><div class=\"fusion-layout-column fusion_builder_column fusion-builder-column-1 fusion_builder_column_1_1 1_1 fusion-flex-column\" style=\"--awb-bg-size:cover;--awb-width-large:100%;--awb-margin-top-large:0px;--awb-spacing-right-large:1.92%;--awb-margin-bottom-large:0px;--awb-spacing-left-large:1.92%;--awb-width-medium:100%;--awb-order-medium:0;--awb-spacing-right-medium:1.92%;--awb-spacing-left-medium:1.92%;--awb-width-small:100%;--awb-order-small:0;--awb-spacing-right-small:1.92%;--awb-spacing-left-small:1.92%;\"><div class=\"fusion-column-wrapper fusion-column-has-shadow fusion-flex-justify-content-flex-start fusion-content-layout-column\"><div class=\"fusion-text fusion-text-1\" style=\"--awb-font-size:18px;\"><p><strong>Habiendo trabajado para la Agencia de Medio Ambiente, tenemos una base s\u00f3lida sobre la cual liderar el proceso de aprobaciones regulatorias en sus proyectos.<\/strong><\/p>\n<p>Hemos logrado aplicaciones exitosas relacionadas con el agua subterr\u00e1nea en toda Inglaterra con la Agencia de Medio Ambiente, as\u00ed como con Natural Resource Wales y la Agencia de Protecci\u00f3n Ambiental de Escocia.<\/p>\n<p>M\u00e1s lejos, tenemos experiencia de aprobaciones en California, con muchos de los Consejos Regionales de Nueva Zelanda y en cinco de los estados australianos. Nuestros servicios de evaluaci\u00f3n del impacto ambiental y de las aguas subterr\u00e1neas tambi\u00e9n han sido solicitados en muchas otras partes del mundo, desde Siberia en Rusia hasta las Islas Cook y m\u00e1s all\u00e1.<\/p>\n<\/div><\/div><\/div><\/div><\/div><\/p>","protected":false},"excerpt":{"rendered":"","protected":false},"author":1,"featured_media":0,"parent":0,"menu_order":5,"comment_status":"closed","ping_status":"closed","template":"100-width.php","meta":{"footnotes":""},"class_list":["post-1581","page","type-page","status-publish","hentry"],"aioseo_notices":[],"_links":{"self":[{"href":"https:\/\/www.aguaenodo.com\/es\/wp-json\/wp\/v2\/pages\/1581"}],"collection":[{"href":"https:\/\/www.aguaenodo.com\/es\/wp-json\/wp\/v2\/pages"}],"about":[{"href":"https:\/\/www.aguaenodo.com\/es\/wp-json\/wp\/v2\/types\/page"}],"author":[{"embeddable":true,"href":"https:\/\/www.aguaenodo.com\/es\/wp-json\/wp\/v2\/users\/1"}],"replies":[{"embeddable":true,"href":"https:\/\/www.aguaenodo.com\/es\/wp-json\/wp\/v2\/comments?post=1581"}],"version-history":[{"count":6,"href":"https:\/\/www.aguaenodo.com\/es\/wp-json\/wp\/v2\/pages\/1581\/revisions"}],"predecessor-version":[{"id":1773,"href":"https:\/\/www.aguaenodo.com\/es\/wp-json\/wp\/v2\/pages\/1581\/revisions\/1773"}],"wp:attachment":[{"href":"https:\/\/www.aguaenodo.com\/es\/wp-json\/wp\/v2\/media?parent=1581"}],"curies":[{"name":"wp","href":"https:\/\/api.w.org\/{rel}","templated":true}]}}