{"id":1579,"date":"2024-11-07T10:50:59","date_gmt":"2024-11-07T10:50:59","guid":{"rendered":"https:\/\/dev07.machineelves.co.uk\/?page_id=1579"},"modified":"2024-11-08T10:24:45","modified_gmt":"2024-11-08T10:24:45","slug":"coupled-groundwater-flow-and-heat-transport-modelling","status":"publish","type":"page","link":"https:\/\/www.aguaenodo.com\/es\/coupled-groundwater-flow-and-heat-transport-modelling\/","title":{"rendered":"Modelado acoplado de flujo de agua subterr\u00e1nea y transporte de calor"},"content":{"rendered":"<p><div class=\"fusion-fullwidth fullwidth-box fusion-builder-row-1 fusion-flex-container has-pattern-background has-mask-background nonhundred-percent-fullwidth non-hundred-percent-height-scrolling\" style=\"--awb-border-radius-top-left:0px;--awb-border-radius-top-right:0px;--awb-border-radius-bottom-right:0px;--awb-border-radius-bottom-left:0px;--awb-padding-top:48px;--awb-padding-bottom:48px;--awb-padding-top-medium:20px;--awb-padding-bottom-medium:20px;--awb-padding-top-small:36px;--awb-padding-bottom-small:36px;--awb-min-height:30vh;--awb-background-image:linear-gradient(180deg, #7a87dd 0%,#4493dd 90%);--awb-flex-wrap:wrap;\" ><div class=\"fusion-builder-row fusion-row fusion-flex-align-items-stretch fusion-flex-content-wrap\" style=\"max-width:1216.8px;margin-left: calc(-4% \/ 2 );margin-right: calc(-4% \/ 2 );\"><div class=\"fusion-layout-column fusion_builder_column fusion-builder-column-0 fusion_builder_column_1_1 1_1 fusion-flex-column\" style=\"--awb-bg-size:cover;--awb-width-large:100%;--awb-margin-top-large:0px;--awb-spacing-right-large:1.92%;--awb-margin-bottom-large:20px;--awb-spacing-left-large:1.92%;--awb-width-medium:40%;--awb-order-medium:0;--awb-spacing-right-medium:4.8%;--awb-spacing-left-medium:4.8%;--awb-width-small:100%;--awb-order-small:0;--awb-spacing-right-small:1.92%;--awb-margin-bottom-small:32px;--awb-spacing-left-small:1.92%;\"><div class=\"fusion-column-wrapper fusion-column-has-shadow fusion-flex-justify-content-center fusion-content-layout-column\"><div class=\"fusion-title title fusion-title-1 fusion-sep-none fusion-title-text fusion-title-size-one\" style=\"--awb-text-color:var(--awb-color2);--awb-margin-bottom:20px;\"><h1 class=\"fusion-title-heading title-heading-left fusion-responsive-typography-calculated\" style=\"margin:0;letter-spacing:-0.03em;--fontSize:58;line-height:1.03;\">Modelado acoplado de flujo de agua subterr\u00e1nea y transporte de calor<\/h1><\/div><\/div><\/div><\/div><\/div><div class=\"fusion-fullwidth fullwidth-box fusion-builder-row-2 fusion-flex-container has-pattern-background has-mask-background fusion-parallax-none nonhundred-percent-fullwidth non-hundred-percent-height-scrolling lazyload\" style=\"--awb-border-radius-top-left:0px;--awb-border-radius-top-right:0px;--awb-border-radius-bottom-right:0px;--awb-border-radius-bottom-left:0px;--awb-padding-top:5%;--awb-padding-bottom:5%;--awb-background-size:cover;--awb-flex-wrap:wrap;\" data-bg=\"https:\/\/www.aguaenodo.com\/wp-content\/uploads\/2024\/11\/bg_section1.jpg\" ><div class=\"fusion-builder-row fusion-row fusion-flex-align-items-flex-start fusion-flex-content-wrap\" style=\"max-width:1216.8px;margin-left: calc(-4% \/ 2 );margin-right: calc(-4% \/ 2 );\"><div class=\"fusion-layout-column fusion_builder_column fusion-builder-column-1 fusion_builder_column_1_1 1_1 fusion-flex-column\" style=\"--awb-bg-size:cover;--awb-width-large:100%;--awb-margin-top-large:0px;--awb-spacing-right-large:1.92%;--awb-margin-bottom-large:0px;--awb-spacing-left-large:1.92%;--awb-width-medium:100%;--awb-order-medium:0;--awb-spacing-right-medium:1.92%;--awb-spacing-left-medium:1.92%;--awb-width-small:100%;--awb-order-small:0;--awb-spacing-right-small:1.92%;--awb-spacing-left-small:1.92%;\"><div class=\"fusion-column-wrapper fusion-column-has-shadow fusion-flex-justify-content-flex-start fusion-content-layout-column\"><div class=\"fusion-text fusion-text-1\" style=\"--awb-font-size:18px;\"><p><strong>La clave de nuestro \u00e9xito en el modelado es elegir el modelo correcto para el prop\u00f3sito correcto, siempre con el pragmatismo en el centro de nuestra metodolog\u00eda.<\/strong>\u00a0Hemos realizado evaluaciones a gran escala utilizando las t\u00e9cnicas m\u00e1s simples, evitando la tentaci\u00f3n de complicar demasiado el proceso. A menudo, descubrimos que cuanto mejor comprenda una situaci\u00f3n, m\u00e1s sencilla podr\u00e1 hacer la t\u00e9cnica de evaluaci\u00f3n. Para esto es fundamental c\u00f3mo conceptualizamos el \u00e1rea de estudio, comenzando cada proyecto de modelado con una base s\u00f3lida en los primeros principios de c\u00f3mo surgi\u00f3 la geolog\u00eda y qu\u00e9 controla e influye en la fuente, descarga y movimiento del agua y la energ\u00eda t\u00e9rmica.<\/p>\n<p>Nuestra especialidad es aplicar el software de modelado de elementos finitos FEFLOW al modelado acoplado de flujo de agua subterr\u00e1nea y transporte de calor para aplicaciones geot\u00e9rmicas y de bombas card\u00edacas de origen terrestre. Aqu\u00ed, hemos llevado a cabo una evaluaci\u00f3n de sostenibilidad y optimizaci\u00f3n para el dise\u00f1o del sistema, as\u00ed como una evaluaci\u00f3n del impacto ambiental y del impacto acumulativo para las aprobaciones regulatorias.<\/p>\n<\/div><\/div><\/div><\/div><\/div><\/p>","protected":false},"excerpt":{"rendered":"","protected":false},"author":1,"featured_media":0,"parent":0,"menu_order":4,"comment_status":"closed","ping_status":"closed","template":"100-width.php","meta":{"footnotes":""},"class_list":["post-1579","page","type-page","status-publish","hentry"],"aioseo_notices":[],"_links":{"self":[{"href":"https:\/\/www.aguaenodo.com\/es\/wp-json\/wp\/v2\/pages\/1579"}],"collection":[{"href":"https:\/\/www.aguaenodo.com\/es\/wp-json\/wp\/v2\/pages"}],"about":[{"href":"https:\/\/www.aguaenodo.com\/es\/wp-json\/wp\/v2\/types\/page"}],"author":[{"embeddable":true,"href":"https:\/\/www.aguaenodo.com\/es\/wp-json\/wp\/v2\/users\/1"}],"replies":[{"embeddable":true,"href":"https:\/\/www.aguaenodo.com\/es\/wp-json\/wp\/v2\/comments?post=1579"}],"version-history":[{"count":10,"href":"https:\/\/www.aguaenodo.com\/es\/wp-json\/wp\/v2\/pages\/1579\/revisions"}],"predecessor-version":[{"id":1772,"href":"https:\/\/www.aguaenodo.com\/es\/wp-json\/wp\/v2\/pages\/1579\/revisions\/1772"}],"wp:attachment":[{"href":"https:\/\/www.aguaenodo.com\/es\/wp-json\/wp\/v2\/media?parent=1579"}],"curies":[{"name":"wp","href":"https:\/\/api.w.org\/{rel}","templated":true}]}}