{"id":1577,"date":"2024-11-07T10:50:46","date_gmt":"2024-11-07T10:50:46","guid":{"rendered":"https:\/\/dev07.machineelves.co.uk\/?page_id=1577"},"modified":"2024-11-08T10:21:56","modified_gmt":"2024-11-08T10:21:56","slug":"open-loop-ground-heat-exchanger-gshp-and-des-services","status":"publish","type":"page","link":"https:\/\/www.aguaenodo.com\/es\/open-loop-ground-heat-exchanger-gshp-and-des-services\/","title":{"rendered":"Intercambiador de calor de tierra de circuito abierto Servicios GSHP y DES"},"content":{"rendered":"<p><div class=\"fusion-fullwidth fullwidth-box fusion-builder-row-1 fusion-flex-container has-pattern-background has-mask-background nonhundred-percent-fullwidth non-hundred-percent-height-scrolling\" style=\"--awb-border-radius-top-left:0px;--awb-border-radius-top-right:0px;--awb-border-radius-bottom-right:0px;--awb-border-radius-bottom-left:0px;--awb-padding-top:48px;--awb-padding-bottom:48px;--awb-padding-top-medium:20px;--awb-padding-bottom-medium:20px;--awb-padding-top-small:36px;--awb-padding-bottom-small:36px;--awb-min-height:30vh;--awb-background-image:linear-gradient(180deg, #7a87dd 0%,#4493dd 100%);--awb-flex-wrap:wrap;\" ><div class=\"fusion-builder-row fusion-row fusion-flex-align-items-stretch fusion-flex-content-wrap\" style=\"max-width:1216.8px;margin-left: calc(-4% \/ 2 );margin-right: calc(-4% \/ 2 );\"><div class=\"fusion-layout-column fusion_builder_column fusion-builder-column-0 fusion_builder_column_1_1 1_1 fusion-flex-column\" style=\"--awb-bg-size:cover;--awb-width-large:100%;--awb-margin-top-large:0px;--awb-spacing-right-large:1.92%;--awb-margin-bottom-large:0px;--awb-spacing-left-large:1.92%;--awb-width-medium:40%;--awb-order-medium:0;--awb-spacing-right-medium:4.8%;--awb-spacing-left-medium:4.8%;--awb-width-small:100%;--awb-order-small:0;--awb-spacing-right-small:1.92%;--awb-margin-bottom-small:32px;--awb-spacing-left-small:1.92%;\"><div class=\"fusion-column-wrapper fusion-column-has-shadow fusion-flex-justify-content-center fusion-content-layout-column\"><div class=\"fusion-title title fusion-title-1 fusion-sep-none fusion-title-text fusion-title-size-one\" style=\"--awb-text-color:var(--awb-color2);--awb-margin-bottom:20px;\"><h1 class=\"fusion-title-heading title-heading-left fusion-responsive-typography-calculated\" style=\"margin:0;letter-spacing:-0.03em;--fontSize:58;line-height:1.03;\">Intercambiador de calor de tierra de circuito abierto Servicios GSHP y DES<\/h1><\/div><\/div><\/div><\/div><\/div><div class=\"fusion-fullwidth fullwidth-box fusion-builder-row-2 fusion-flex-container has-pattern-background has-mask-background fusion-parallax-none nonhundred-percent-fullwidth non-hundred-percent-height-scrolling lazyload\" style=\"--awb-border-radius-top-left:0px;--awb-border-radius-top-right:0px;--awb-border-radius-bottom-right:0px;--awb-border-radius-bottom-left:0px;--awb-padding-top:3%;--awb-padding-bottom:3%;--awb-background-size:cover;--awb-flex-wrap:wrap;\" data-bg=\"https:\/\/www.aguaenodo.com\/wp-content\/uploads\/2024\/11\/bg_section1.jpg\" ><div class=\"fusion-builder-row fusion-row fusion-flex-align-items-flex-start fusion-flex-content-wrap\" style=\"max-width:1216.8px;margin-left: calc(-4% \/ 2 );margin-right: calc(-4% \/ 2 );\"><div class=\"fusion-layout-column fusion_builder_column fusion-builder-column-1 fusion_builder_column_1_1 1_1 fusion-flex-column\" style=\"--awb-bg-size:cover;--awb-width-large:100%;--awb-margin-top-large:0px;--awb-spacing-right-large:1.92%;--awb-margin-bottom-large:0px;--awb-spacing-left-large:1.92%;--awb-width-medium:100%;--awb-order-medium:0;--awb-spacing-right-medium:1.92%;--awb-spacing-left-medium:1.92%;--awb-width-small:100%;--awb-order-small:0;--awb-spacing-right-small:1.92%;--awb-spacing-left-small:1.92%;\"><div class=\"fusion-column-wrapper fusion-column-has-shadow fusion-flex-justify-content-flex-start fusion-content-layout-column\"><div class=\"fusion-text fusion-text-1\" style=\"--awb-font-size:18px;\"><p><strong>Agua Enodo est\u00e1 preparada para la colaboraci\u00f3n. Estamos listos para proporcionar nuestro conocimiento especializado de la tecnolog\u00eda de intercambiadores de calor de tierra de circuito abierto a sus servicios y clientes para el beneficio de nuestras dos organizaciones.<\/strong><\/p>\n<p>La realizaci\u00f3n de proyectos seleccionados y colaboraciones nos ha permitido permanecer enfocados en lo que est\u00e1 sucediendo en el terreno, lo que le permite lidiar con los componentes sobre el terreno. Nuestra colaboraci\u00f3n ha asegurado que estemos a la vanguardia de los desarrollos en la industria y nos mantiene trabajando en proyectos en todo el mundo.<\/p>\n<p>Nuestra experiencia pr\u00e1ctica en Open Loop incluye gesti\u00f3n de proyectos y licitaciones, estudios de viabilidad, aprobaciones regulatorias, dise\u00f1o de investigaci\u00f3n del sitio, ejecuci\u00f3n y an\u00e1lisis, dise\u00f1o detallado, optimizaci\u00f3n operativa y monitoreo y mantenimiento continuos. Hemos cubierto los intercambiadores de calor de suelo de circuito abierto unidireccionales y reversibles, los sistemas de almacenamiento de energ\u00eda t\u00e9rmica de acu\u00edferos (ATES) y la interacci\u00f3n de las aguas superficiales y subterr\u00e1neas.<\/p>\n<\/div><\/div><\/div><\/div><\/div><\/p>","protected":false},"excerpt":{"rendered":"","protected":false},"author":1,"featured_media":0,"parent":0,"menu_order":3,"comment_status":"closed","ping_status":"closed","template":"100-width.php","meta":{"footnotes":""},"class_list":["post-1577","page","type-page","status-publish","hentry"],"aioseo_notices":[],"_links":{"self":[{"href":"https:\/\/www.aguaenodo.com\/es\/wp-json\/wp\/v2\/pages\/1577"}],"collection":[{"href":"https:\/\/www.aguaenodo.com\/es\/wp-json\/wp\/v2\/pages"}],"about":[{"href":"https:\/\/www.aguaenodo.com\/es\/wp-json\/wp\/v2\/types\/page"}],"author":[{"embeddable":true,"href":"https:\/\/www.aguaenodo.com\/es\/wp-json\/wp\/v2\/users\/1"}],"replies":[{"embeddable":true,"href":"https:\/\/www.aguaenodo.com\/es\/wp-json\/wp\/v2\/comments?post=1577"}],"version-history":[{"count":10,"href":"https:\/\/www.aguaenodo.com\/es\/wp-json\/wp\/v2\/pages\/1577\/revisions"}],"predecessor-version":[{"id":1769,"href":"https:\/\/www.aguaenodo.com\/es\/wp-json\/wp\/v2\/pages\/1577\/revisions\/1769"}],"wp:attachment":[{"href":"https:\/\/www.aguaenodo.com\/es\/wp-json\/wp\/v2\/media?parent=1577"}],"curies":[{"name":"wp","href":"https:\/\/api.w.org\/{rel}","templated":true}]}}